{"id":1994,"date":"2026-03-02T14:01:11","date_gmt":"2026-03-02T12:01:11","guid":{"rendered":"https:\/\/argestudiojuridico.es\/?page_id=1994"},"modified":"2026-03-04T13:33:40","modified_gmt":"2026-03-04T11:33:40","slug":"aviso-legal","status":"publish","type":"page","link":"https:\/\/argestudiojuridico.es\/en\/aviso-legal\/","title":{"rendered":"Legal Notice"},"content":{"rendered":"<p>[et_pb_section fb_built=\u00bb1&#8243; admin_label=\u00bbHero Section\u00bb _builder_version=\u00bb4.16&#8243; custom_padding=\u00bb0|0px|0px|0px\u00bb global_colors_info=\u00bb{}\u00bb][et_pb_row _builder_version=\u00bb4.27.4&#8243; _module_preset=\u00bbdefault\u00bb custom_padding=\u00bb55px|||||\u00bb global_colors_info=\u00bb{}\u00bb][et_pb_column type=\u00bb4_4&#8243; _builder_version=\u00bb4.27.4&#8243; _module_preset=\u00bbdefault\u00bb global_colors_info=\u00bb{}\u00bb][et_pb_image src=\u00bbhttps:\/\/argestudiojuridico.es\/wp-content\/uploads\/2026\/03\/cropped-favicon.jpg\u00bb title_text=\u00bbpegatinas nico\u00bb align=\u00bbcenter\u00bb _builder_version=\u00bb4.27.4&#8243; _module_preset=\u00bbdefault\u00bb width=\u00bb10%\u00bb global_colors_info=\u00bb{}\u00bb][\/et_pb_image][et_pb_heading title=\u00bbAviso Legal\u00bb _builder_version=\u00bb4.27.4&#8243; _module_preset=\u00bbdefault\u00bb title_font=\u00bbTimes New Roman||||||||\u00bb title_text_align=\u00bbcenter\u00bb title_font_size=\u00bb45px\u00bb global_colors_info=\u00bb{}\u00bb][\/et_pb_heading][\/et_pb_column][\/et_pb_row][et_pb_row _builder_version=\u00bb4.27.4&#8243; _module_preset=\u00bbdefault\u00bb global_colors_info=\u00bb{}\u00bb][et_pb_column type=\u00bb4_4&#8243; _builder_version=\u00bb4.27.4&#8243; _module_preset=\u00bbdefault\u00bb global_colors_info=\u00bb{}\u00bb][et_pb_text _builder_version=\u00bb4.27.4&#8243; _module_preset=\u00bbdefault\u00bb text_text_color=\u00bb#000000&#8243; global_colors_info=\u00bb{}\u00bb]<\/p>\n<p>De acuerdo con el art\u00edculo 10 de la Ley 34\/2002, de 11 de julio, de Servicios de la Sociedad de la Informaci\u00f3n y de Comercio o Electr\u00f3nico (LSSICE) a continuaci\u00f3n se detallan los datos identificativos de la empresa la cual es responsable \u00fanico y exclusivo en relaci\u00f3n a la veracidad de la informaci\u00f3n contenida en la p\u00e1gina web en cuanto a los textos, fotograf\u00edas, logotipos, cupones, productos, servicios e im\u00e1genes visualizadas:<\/p>\n<p>Raz\u00f3n social:<span> ALBERTO RODR\u00cdGUEZ GARDU\u00d1O<\/span><\/p>\n<p>NIF\/ CIF:<span> <\/span><strong>71938116 G<\/strong><\/p>\n<p>Direcci\u00f3n:<span> <\/span><strong>IGNACIO MART\u00cdNEZ DE AZCOITIA, 3, 34001, PALENCIA.<\/strong><\/p>\n<p>Tel\u00e9fono:<span> <\/span><strong>979 693 140 \/ 615 618 465<\/strong><\/p>\n<p>1.<span>\u00a0<\/span><strong><span>T\u00e9rminos y condiciones de uso<\/span><\/strong><br \/>El acceso a esta p\u00e1gina web atribuye la condici\u00f3n de USUARIO, quien accede voluntariamente a este sitio web. El mero acceso no implica el establecimiento de ning\u00fan tipo de relaci\u00f3n comercial entre el USUARIO y<span><strong> ALBERTO RODR\u00cdGUEZ GARDU\u00d1O<\/strong><b>.<\/b><\/span>\u00a0La informaci\u00f3n suministrada en la p\u00e1gina web tiene como finalidad facilitar el conocimiento por parte de los usuarios de las actividades y de los servicios prestados, quien se reserva el derecho de efectuar, en cualquier momento cuantas modificaciones, variaciones, supresi\u00f3n o cancelaciones de los contenidos y en la forma de presentaci\u00f3n de los mismos que considere necesaria para la prestaci\u00f3n de los servicios. Esta facultad no otorga a los usuarios ning\u00fan derecho a percibir indemnizaci\u00f3n por da\u00f1os y perjuicios, por lo que se recomienda al USUARIO que lea este Aviso Legal tantas veces como acceda a la web.<\/p>\n<p>2.<span>\u00a0<\/span><span><strong>Uso indebido y responsabilidad<\/strong><\/span><br \/>El USUARIO asume la responsabilidad del uso del portal, comprometi\u00e9ndose a realizar un buen uso de la p\u00e1gina web y aportar informaci\u00f3n veraz y l\u00edcita, no permiti\u00e9ndose conductas que vayan contra la ley, los derechos o intereses de terceros.<\/p>\n<p>La utilizaci\u00f3n de ciertos servicios o solicitudes estar\u00e1n condicionadas a la previa cumplimentaci\u00f3n del correspondiente formulario de recogida de datos. A estos efectos, el USUARIO ser\u00e1 responsable de la informaci\u00f3n falsa o inexacta que pudiera realizar o comunicar y de los perjuicios que cause al responsable de la web en su caso.<\/p>\n<p>Se reservan el derecho a denegar o retirar el acceso a la web a aquellos USUARIOS que incumplen las condiciones y obligaciones de la presente p\u00e1gina web, no haci\u00e9ndose responsable del mal uso que se realice de los contenidos de la p\u00e1gina web.<\/p>\n<p>No obstante,<span> <strong>ALBERTO RODR\u00cdGUEZ GARDU\u00d1O<\/strong><\/span><span>\u00a0<\/span>declara que han adoptado todas las medidas necesarias, dentro de sus posibilidades y del estado de la tecnolog\u00eda, para garantizar el funcionamiento de la p\u00e1gina web y evitar la existencia y transmisi\u00f3n de virus y dem\u00e1s componentes da\u00f1inos a los usuarios.<\/p>\n<p>3.<span>\u00a0<\/span><span><strong>Enlaces<\/strong><\/span><br \/>En el caso de que en el sitio web se dispusiesen enlaces o hiperv\u00ednculos hac\u00eda otros sitios de Internet,<span> <strong>ALBERTO RODR\u00cdGUEZ GARDU\u00d1O<\/strong><b>\u00a0<\/b><\/span>no ejercer\u00e1 ning\u00fan tipo de control sobre dichos sitios y contenidos, no asumiendo en ning\u00fan caso responsabilidad alguna por los contenidos de alg\u00fan enlace perteneciente a un sitio web ajeno.<\/p>\n<p>Propiedad intelectual e industrial<br \/>El Copyright, dise\u00f1o y creaci\u00f3n de la p\u00e1gina web es titularidad de QDQ Media SAU. El acceso gratuito no implica otros derechos o licencias para reproducci\u00f3n y\/o distribuci\u00f3n sin la previa autorizaci\u00f3n expresa del propietario, por lo que, de conformidad con lo dispuesto en los art\u00edculos 8 y 32.1, p\u00e1rrafo segundo, de la Ley de Propiedad Intelectual, quedan expresamente prohibidas la reproducci\u00f3n, distribuci\u00f3n y comunicaci\u00f3n p\u00fablica de la totalidad o parte de los contenidos de esta p\u00e1gina web, con fines comerciales, en cualquier soporte y por cualquier medio t\u00e9cnico sin previa autorizaci\u00f3n, comprometi\u00e9ndose el USUARIO en respetar los derechos de Propiedad Intelectual e Industrial.<\/p>\n<p>Las marcas, logotipos, dise\u00f1os, contenidos, programas u objetos similares que forman parte de esta p\u00e1gina web, est\u00e1n protegidos por leyes de propiedad industrial e intelectual. La reproducci\u00f3n, distribuci\u00f3n, manipulaci\u00f3n o desensamblaje no autorizado de los c\u00f3digos fuente, de los algoritmos incorporados o de la base datos, ya sea total o parcial, dar\u00e1 lugar a graves penalizaciones tanto civiles como penales y ser\u00e1 objeto de cuantas acciones judiciales correspondan en Derecho.<\/p>\n<p>4.<span>\u00a0<\/span><span><strong>Pol\u00edtica de privacidad y protecci\u00f3n de datos<\/strong><\/span><br \/>En virtud de lo dispuesto en el Reglamento General de Protecci\u00f3n de Datos (RGPD), Reglamento UE 2016\/679, relativo a la protecci\u00f3n de las personas f\u00edsicas en lo que respecta al tratamiento de datos personales y a la libre circulaci\u00f3n de los mismos, y la Ley Org\u00e1nica 3\/2018, de 5 de diciembre (LOPDGDD) se informa al USUARIO que todos los datos recabados mediante los diferentes formularios que aparecen en la web ser\u00e1n incorporados a un fichero, creado y mantenido bajo la responsabilidad de <span><strong>ALBERTO RODR\u00cdGUEZ GARDU\u00d1O<\/strong><\/span> con el fin de gestionar el env\u00edo de la informaci\u00f3n que soliciten, pudiendo elaborarse, de ser necesario, un perfil comercial, en base a la informaci\u00f3n facilitada. No se tomar\u00e1n decisiones automatizadas en base a dicho perfil. Los datos personales proporcionados se conservar\u00e1n mientras se mantenga la relaci\u00f3n mercantil, en su caso, y no se solicite su supresi\u00f3n por el interesado.<\/p>\n<p>Para ello,<span> <strong>ALBERTO RODR\u00cdGUEZ GARDU\u00d1O<\/strong><\/span><span>\u00a0<\/span>solicitar\u00e1 el consentimiento del interesado a trav\u00e9s del formulario de recogida de datos para el tratamiento de los mismos y la oferta prospectiva de productos y servicios, estando el USUARIO legitimado para retirar dicho consentimiento en cualquier momento, as\u00ed como a ejercer sus derechos de acceso, rectificaci\u00f3n, portabilidad y supresi\u00f3n de sus datos, y a presentar una reclamaci\u00f3n ante la autoridad de control, si considera que el tratamiento no se ajusta a la normativa vigente.<\/p>\n<p>Los contenidos de la p\u00e1gina web est\u00e1n dirigidos a personas mayores de edad, no se pretende obtener datos de personas menores de edad, y cuando tenga conocimiento de que existen en su fichero datos de car\u00e1cter personal de un menor, proceder\u00e1 de inmediato a cancelar dichos datos.<\/p>\n<p>5.<span>\u00a0<\/span><span><strong>Pol\u00edtica de Cookies<\/strong><\/span><br \/>Este sitio web puede utilizar cookies t\u00e9cnicas (peque\u00f1os archivos de informaci\u00f3n que el servidor env\u00eda al ordenador de quien accede a la p\u00e1gina) para llevar a cabo determinadas funciones que son consideradas imprescindibles para el correcto funcionamiento y visualizaci\u00f3n del sitio. Las cookies utilizadas tienen, en todo caso, car\u00e1cter temporal, con la \u00fanica finalidad de hacer m\u00e1s eficaz la navegaci\u00f3n, y desaparecen al terminar la sesi\u00f3n del usuario. En ning\u00fan caso, estas cookies proporcionan por s\u00ed mismas datos de car\u00e1cter personal y no se utilizar\u00e1n para la recogida de los mismos. Este sitio web no instalar\u00e1 cookies prescindibles sin el consentimiento previo del usuario.<\/p>\n<p>El USUARIO tiene la posibilidad de configurar su navegador para ser alertado de la recepci\u00f3n de cookies y para impedir su instalaci\u00f3n en su equipo. Por favor, consulte las instrucciones de su navegador para ampliar esta informaci\u00f3n.<\/p>\n<p>6.<span>\u00a0<\/span><span><strong>Legislaci\u00f3n aplicable y jurisdicci\u00f3n<\/strong><\/span><br \/>La relaci\u00f3n con el USUARIO se regir\u00e1 por la normativa espa\u00f1ola vigente y cualquier controversia se someter\u00e1 a los Juzgados y tribunales que corresponda conforme a derecho.<\/p>\n<p>[\/et_pb_text][\/et_pb_column][\/et_pb_row][\/et_pb_section][et_pb_section fb_built=\u00bb1&#8243; _builder_version=\u00bb4.27.4&#8243; _module_preset=\u00bbdefault\u00bb global_colors_info=\u00bb{}\u00bb theme_builder_area=\u00bbpost_content\u00bb][et_pb_row _builder_version=\u00bb4.27.4&#8243; _module_preset=\u00bbdefault\u00bb global_colors_info=\u00bb{}\u00bb theme_builder_area=\u00bbpost_content\u00bb][et_pb_column type=\u00bb4_4&#8243; _builder_version=\u00bb4.27.4&#8243; _module_preset=\u00bbdefault\u00bb global_colors_info=\u00bb{}\u00bb theme_builder_area=\u00bbpost_content\u00bb][et_pb_image src=\u00bbhttps:\/\/argestudiojuridico.es\/wp-content\/uploads\/2026\/03\/PUBLI-KIT.jpg\u00bb title_text=\u00bbPUBLI KIT\u00bb _builder_version=\u00bb4.27.4&#8243; _module_preset=\u00bbdefault\u00bb global_colors_info=\u00bb{}\u00bb theme_builder_area=\u00bbpost_content\u00bb][\/et_pb_image][\/et_pb_column][\/et_pb_row][\/et_pb_section][et_pb_section fb_built=\u00bb1&#8243; _builder_version=\u00bb4.27.4&#8243; _module_preset=\u00bbdefault\u00bb background_color=\u00bb#722684&#8243; global_colors_info=\u00bb{}\u00bb theme_builder_area=\u00bbpost_content\u00bb][et_pb_row column_structure=\u00bb1_3,1_3,1_3&#8243; _builder_version=\u00bb4.27.4&#8243; _module_preset=\u00bbdefault\u00bb global_colors_info=\u00bb{}\u00bb theme_builder_area=\u00bbpost_content\u00bb][et_pb_column type=\u00bb1_3&#8243; _builder_version=\u00bb4.27.4&#8243; _module_preset=\u00bbdefault\u00bb global_colors_info=\u00bb{}\u00bb theme_builder_area=\u00bbpost_content\u00bb][et_pb_image src=\u00bbhttps:\/\/argestudiojuridico.es\/wp-content\/uploads\/2026\/03\/Sin-titulo-1-1-e1772623637237.png\u00bb title_text=\u00bbSin t\u00edtulo (1)\u00bb align=\u00bbcenter\u00bb _builder_version=\u00bb4.27.4&#8243; _module_preset=\u00bbdefault\u00bb width=\u00bb20%\u00bb global_colors_info=\u00bb{}\u00bb theme_builder_area=\u00bbpost_content\u00bb][\/et_pb_image][et_pb_text _builder_version=\u00bb4.27.4&#8243; _module_preset=\u00bbdefault\u00bb text_font=\u00bbTimes New Roman||||||||\u00bb text_text_color=\u00bb#FFFFFF\u00bb text_font_size=\u00bb18px\u00bb text_line_height=\u00bb0.7em\u00bb text_orientation=\u00bbcenter\u00bb custom_margin=\u00bb-19px|||||\u00bb global_colors_info=\u00bb{}\u00bb theme_builder_area=\u00bbpost_content\u00bb]<\/p>\n<p><span style=\"color: #ffffff;\">Alberto Rodr\u00edguez Gardu\u00f1o<\/span><\/p>\n<p><strong><span style=\"color: #ffffff;\">ABOGADO<\/span><\/strong><\/p>\n<p>[\/et_pb_text][\/et_pb_column][et_pb_column type=\u00bb1_3&#8243; _builder_version=\u00bb4.27.4&#8243; _module_preset=\u00bbdefault\u00bb global_colors_info=\u00bb{}\u00bb theme_builder_area=\u00bbpost_content\u00bb][et_pb_text _builder_version=\u00bb4.27.4&#8243; _module_preset=\u00bbdefault\u00bb text_font=\u00bbTimes New Roman||||||||\u00bb text_text_color=\u00bb#FFFFFF\u00bb text_font_size=\u00bb18px\u00bb text_orientation=\u00bbcenter\u00bb global_colors_info=\u00bb{}\u00bb theme_builder_area=\u00bbpost_content\u00bb]<\/p>\n<p><span style=\"color: #ffffff;\">PALENCIA<\/span><\/p>\n<p><span style=\"color: #ffffff;\">C\/ Ignacio Mart\u00ednez de Azcoitia, 3, 34001<\/span><\/p>\n<p><span style=\"color: #ffffff;\">979 693 140 \/ 615 618 465<\/span><\/p>\n<p>[\/et_pb_text][\/et_pb_column][et_pb_column type=\u00bb1_3&#8243; _builder_version=\u00bb4.27.4&#8243; _module_preset=\u00bbdefault\u00bb global_colors_info=\u00bb{}\u00bb theme_builder_area=\u00bbpost_content\u00bb][et_pb_text _builder_version=\u00bb4.27.4&#8243; _module_preset=\u00bbdefault\u00bb text_font=\u00bbTimes New Roman||||||||\u00bb text_text_color=\u00bb#000000&#8243; text_font_size=\u00bb18px\u00bb text_orientation=\u00bbcenter\u00bb global_colors_info=\u00bb{}\u00bb theme_builder_area=\u00bbpost_content\u00bb]<\/p>\n<p><span style=\"color: #ffffff;\">VALLADOLID<\/span><\/p>\n<p><span style=\"color: #ffffff;\">Plaza Mayor, 5, 2\u00aa Planta, 47001<\/span><\/p>\n<p><span style=\"color: #ffffff;\">983 086 224 \/ 615 618 465<\/span><\/p>\n<p>[\/et_pb_text][\/et_pb_column][\/et_pb_row][\/et_pb_section]<\/p>\n","protected":false},"excerpt":{"rendered":"<p>De acuerdo con el art\u00edculo 10 de la Ley 34\/2002, de 11 de julio, de Servicios de la Sociedad de la Informaci\u00f3n y de Comercio o Electr\u00f3nico (LSSICE) a continuaci\u00f3n se detallan los datos identificativos de la empresa la cual es responsable \u00fanico y exclusivo en relaci\u00f3n a la veracidad de la informaci\u00f3n contenida en [&hellip;]<\/p>\n","protected":false},"author":1,"featured_media":0,"parent":0,"menu_order":0,"comment_status":"closed","ping_status":"closed","template":"","meta":{"_et_pb_use_builder":"on","_et_pb_old_content":"","_et_gb_content_width":"","footnotes":""},"class_list":["post-1994","page","type-page","status-publish","hentry"],"yoast_head":"<!-- This site is optimized with the Yoast SEO plugin v27.1.1 - https:\/\/yoast.com\/product\/yoast-seo-wordpress\/ -->\n<title>Aviso Legal - Alberto Rodr\u00edguez Gardu\u00f1o<\/title>\n<meta name=\"robots\" content=\"index, follow, max-snippet:-1, max-image-preview:large, max-video-preview:-1\" \/>\n<link rel=\"canonical\" href=\"https:\/\/argestudiojuridico.es\/en\/aviso-legal\/\" \/>\n<meta property=\"og:locale\" content=\"en_GB\" \/>\n<meta property=\"og:type\" content=\"article\" \/>\n<meta property=\"og:title\" content=\"Aviso Legal - Alberto Rodr\u00edguez Gardu\u00f1o\" \/>\n<meta property=\"og:description\" content=\"De acuerdo con el art\u00edculo 10 de la Ley 34\/2002, de 11 de julio, de Servicios de la Sociedad de la Informaci\u00f3n y de Comercio o Electr\u00f3nico (LSSICE) a continuaci\u00f3n se detallan los datos identificativos de la empresa la cual es responsable \u00fanico y exclusivo en relaci\u00f3n a la veracidad de la informaci\u00f3n contenida en [&hellip;]\" \/>\n<meta property=\"og:url\" content=\"https:\/\/argestudiojuridico.es\/en\/aviso-legal\/\" \/>\n<meta property=\"og:site_name\" content=\"Alberto Rodr\u00edguez Gardu\u00f1o\" \/>\n<meta property=\"article:publisher\" content=\"https:\/\/www.facebook.com\/p\/Alberto-Rodrguez-Garduo-Abogado-100063902779200\/?locale=es_LA\" \/>\n<meta property=\"article:modified_time\" content=\"2026-03-04T11:33:40+00:00\" \/>\n<meta name=\"twitter:card\" content=\"summary_large_image\" \/>\n<meta name=\"twitter:site\" content=\"@Savoir1989Faire\" \/>\n<meta name=\"twitter:label1\" content=\"Estimated reading time\" \/>\n\t<meta name=\"twitter:data1\" content=\"9 minutes\" \/>\n<script type=\"application\/ld+json\" class=\"yoast-schema-graph\">{\"@context\":\"https:\/\/schema.org\",\"@graph\":[{\"@type\":\"WebPage\",\"@id\":\"https:\/\/argestudiojuridico.es\/aviso-legal\/\",\"url\":\"https:\/\/argestudiojuridico.es\/aviso-legal\/\",\"name\":\"Aviso Legal - Alberto Rodr\u00edguez Gardu\u00f1o\",\"isPartOf\":{\"@id\":\"https:\/\/argestudiojuridico.es\/#website\"},\"datePublished\":\"2026-03-02T12:01:11+00:00\",\"dateModified\":\"2026-03-04T11:33:40+00:00\",\"breadcrumb\":{\"@id\":\"https:\/\/argestudiojuridico.es\/aviso-legal\/#breadcrumb\"},\"inLanguage\":\"en-GB\",\"potentialAction\":[{\"@type\":\"ReadAction\",\"target\":[\"https:\/\/argestudiojuridico.es\/aviso-legal\/\"]}]},{\"@type\":\"BreadcrumbList\",\"@id\":\"https:\/\/argestudiojuridico.es\/aviso-legal\/#breadcrumb\",\"itemListElement\":[{\"@type\":\"ListItem\",\"position\":1,\"name\":\"Portada\",\"item\":\"https:\/\/argestudiojuridico.es\/\"},{\"@type\":\"ListItem\",\"position\":2,\"name\":\"Aviso Legal\"}]},{\"@type\":\"WebSite\",\"@id\":\"https:\/\/argestudiojuridico.es\/#website\",\"url\":\"https:\/\/argestudiojuridico.es\/\",\"name\":\"Alberto Rodr\u00edguez Gardu\u00f1o\",\"description\":\"Abogado en Palencia. Ubicados en C. Ignacio Mart\u00ednez de Azcoitia 3.\",\"publisher\":{\"@id\":\"https:\/\/argestudiojuridico.es\/#organization\"},\"potentialAction\":[{\"@type\":\"SearchAction\",\"target\":{\"@type\":\"EntryPoint\",\"urlTemplate\":\"https:\/\/argestudiojuridico.es\/?s={search_term_string}\"},\"query-input\":{\"@type\":\"PropertyValueSpecification\",\"valueRequired\":true,\"valueName\":\"search_term_string\"}}],\"inLanguage\":\"en-GB\"},{\"@type\":\"Organization\",\"@id\":\"https:\/\/argestudiojuridico.es\/#organization\",\"name\":\"Alberto Rodr\u00edguez Gardu\u00f1o\",\"url\":\"https:\/\/argestudiojuridico.es\/\",\"logo\":{\"@type\":\"ImageObject\",\"inLanguage\":\"en-GB\",\"@id\":\"https:\/\/argestudiojuridico.es\/#\/schema\/logo\/image\/\",\"url\":\"https:\/\/argestudiojuridico.es\/wp-content\/uploads\/2026\/03\/Logo-e1772465832695.png\",\"contentUrl\":\"https:\/\/argestudiojuridico.es\/wp-content\/uploads\/2026\/03\/Logo-e1772465832695.png\",\"width\":1033,\"height\":477,\"caption\":\"Alberto Rodr\u00edguez Gardu\u00f1o\"},\"image\":{\"@id\":\"https:\/\/argestudiojuridico.es\/#\/schema\/logo\/image\/\"},\"sameAs\":[\"https:\/\/www.facebook.com\/p\/Alberto-Rodrguez-Garduo-Abogado-100063902779200\/?locale=es_LA\",\"https:\/\/x.com\/Savoir1989Faire\",\"https:\/\/www.instagram.com\/savoir1989faire\/?hl=es\"]}]}<\/script>\n<!-- \/ Yoast SEO plugin. -->","yoast_head_json":{"title":"Aviso Legal - Alberto Rodr\u00edguez Gardu\u00f1o","robots":{"index":"index","follow":"follow","max-snippet":"max-snippet:-1","max-image-preview":"max-image-preview:large","max-video-preview":"max-video-preview:-1"},"canonical":"https:\/\/argestudiojuridico.es\/en\/aviso-legal\/","og_locale":"en_GB","og_type":"article","og_title":"Aviso Legal - Alberto Rodr\u00edguez Gardu\u00f1o","og_description":"De acuerdo con el art\u00edculo 10 de la Ley 34\/2002, de 11 de julio, de Servicios de la Sociedad de la Informaci\u00f3n y de Comercio o Electr\u00f3nico (LSSICE) a continuaci\u00f3n se detallan los datos identificativos de la empresa la cual es responsable \u00fanico y exclusivo en relaci\u00f3n a la veracidad de la informaci\u00f3n contenida en [&hellip;]","og_url":"https:\/\/argestudiojuridico.es\/en\/aviso-legal\/","og_site_name":"Alberto Rodr\u00edguez Gardu\u00f1o","article_publisher":"https:\/\/www.facebook.com\/p\/Alberto-Rodrguez-Garduo-Abogado-100063902779200\/?locale=es_LA","article_modified_time":"2026-03-04T11:33:40+00:00","twitter_card":"summary_large_image","twitter_site":"@Savoir1989Faire","twitter_misc":{"Estimated reading time":"9 minutes"},"schema":{"@context":"https:\/\/schema.org","@graph":[{"@type":"WebPage","@id":"https:\/\/argestudiojuridico.es\/aviso-legal\/","url":"https:\/\/argestudiojuridico.es\/aviso-legal\/","name":"Aviso Legal - Alberto Rodr\u00edguez Gardu\u00f1o","isPartOf":{"@id":"https:\/\/argestudiojuridico.es\/#website"},"datePublished":"2026-03-02T12:01:11+00:00","dateModified":"2026-03-04T11:33:40+00:00","breadcrumb":{"@id":"https:\/\/argestudiojuridico.es\/aviso-legal\/#breadcrumb"},"inLanguage":"en-GB","potentialAction":[{"@type":"ReadAction","target":["https:\/\/argestudiojuridico.es\/aviso-legal\/"]}]},{"@type":"BreadcrumbList","@id":"https:\/\/argestudiojuridico.es\/aviso-legal\/#breadcrumb","itemListElement":[{"@type":"ListItem","position":1,"name":"Portada","item":"https:\/\/argestudiojuridico.es\/"},{"@type":"ListItem","position":2,"name":"Aviso Legal"}]},{"@type":"WebSite","@id":"https:\/\/argestudiojuridico.es\/#website","url":"https:\/\/argestudiojuridico.es\/","name":"Alberto Rodr\u00edguez Garduno","description":"Abogado en Palencia. Ubicados en C. Ignacio Mart\u00ednez de Azcoitia 3.","publisher":{"@id":"https:\/\/argestudiojuridico.es\/#organization"},"potentialAction":[{"@type":"SearchAction","target":{"@type":"EntryPoint","urlTemplate":"https:\/\/argestudiojuridico.es\/?s={search_term_string}"},"query-input":{"@type":"PropertyValueSpecification","valueRequired":true,"valueName":"search_term_string"}}],"inLanguage":"en-GB"},{"@type":"Organization","@id":"https:\/\/argestudiojuridico.es\/#organization","name":"Alberto Rodr\u00edguez Garduno","url":"https:\/\/argestudiojuridico.es\/","logo":{"@type":"ImageObject","inLanguage":"en-GB","@id":"https:\/\/argestudiojuridico.es\/#\/schema\/logo\/image\/","url":"https:\/\/argestudiojuridico.es\/wp-content\/uploads\/2026\/03\/Logo-e1772465832695.png","contentUrl":"https:\/\/argestudiojuridico.es\/wp-content\/uploads\/2026\/03\/Logo-e1772465832695.png","width":1033,"height":477,"caption":"Alberto Rodr\u00edguez Gardu\u00f1o"},"image":{"@id":"https:\/\/argestudiojuridico.es\/#\/schema\/logo\/image\/"},"sameAs":["https:\/\/www.facebook.com\/p\/Alberto-Rodrguez-Garduo-Abogado-100063902779200\/?locale=es_LA","https:\/\/x.com\/Savoir1989Faire","https:\/\/www.instagram.com\/savoir1989faire\/?hl=es"]}]}},"_links":{"self":[{"href":"https:\/\/argestudiojuridico.es\/en\/wp-json\/wp\/v2\/pages\/1994","targetHints":{"allow":["GET"]}}],"collection":[{"href":"https:\/\/argestudiojuridico.es\/en\/wp-json\/wp\/v2\/pages"}],"about":[{"href":"https:\/\/argestudiojuridico.es\/en\/wp-json\/wp\/v2\/types\/page"}],"author":[{"embeddable":true,"href":"https:\/\/argestudiojuridico.es\/en\/wp-json\/wp\/v2\/users\/1"}],"replies":[{"embeddable":true,"href":"https:\/\/argestudiojuridico.es\/en\/wp-json\/wp\/v2\/comments?post=1994"}],"version-history":[{"count":5,"href":"https:\/\/argestudiojuridico.es\/en\/wp-json\/wp\/v2\/pages\/1994\/revisions"}],"predecessor-version":[{"id":2197,"href":"https:\/\/argestudiojuridico.es\/en\/wp-json\/wp\/v2\/pages\/1994\/revisions\/2197"}],"wp:attachment":[{"href":"https:\/\/argestudiojuridico.es\/en\/wp-json\/wp\/v2\/media?parent=1994"}],"curies":[{"name":"wp","href":"https:\/\/api.w.org\/{rel}","templated":true}]}}